{"id":840,"date":"2022-03-21T23:49:32","date_gmt":"2022-03-21T23:49:32","guid":{"rendered":"https:\/\/www.craftgestconsulting.pt\/?page_id=840"},"modified":"2022-03-21T23:49:32","modified_gmt":"2022-03-21T23:49:32","slug":"incentivos-financieros-y-fiscales","status":"publish","type":"page","link":"https:\/\/www.craftgestconsulting.pt\/es\/incentivos-financieros-y-fiscales\/","title":{"rendered":"Incentivos Financieros y Fiscales"},"content":{"rendered":"[vc_row type=\u00bbin_container\u00bb full_screen_row_position=\u00bbmiddle\u00bb column_margin=\u00bbdefault\u00bb equal_height=\u00bbyes\u00bb content_placement=\u00bbmiddle\u00bb column_direction=\u00bbdefault\u00bb column_direction_tablet=\u00bbdefault\u00bb column_direction_phone=\u00bbdefault\u00bb scene_position=\u00bbcenter\u00bb top_padding=\u00bb2%\u00bb bottom_padding=\u00bb4%\u00bb text_color=\u00bbdark\u00bb text_align=\u00bbleft\u00bb row_border_radius=\u00bbnone\u00bb row_border_radius_applies=\u00bbbg\u00bb overflow=\u00bbvisible\u00bb advanced_gradient_angle=\u00bb0&#8243; overlay_strength=\u00bb0.3&#8243; gradient_direction=\u00bbleft_to_right\u00bb shape_divider_position=\u00bbbottom\u00bb bg_image_animation=\u00bbnone\u00bb shape_type=\u00bb\u00bb gradient_type=\u00bbdefault\u00bb][vc_column column_padding=\u00bbpadding-2-percent\u00bb column_padding_tablet=\u00bbinherit\u00bb column_padding_phone=\u00bbinherit\u00bb column_padding_position=\u00bbtop\u00bb column_element_spacing=\u00bbdefault\u00bb centered_text=\u00bbtrue\u00bb background_color_opacity=\u00bb1&#8243; background_hover_color_opacity=\u00bb1&#8243; column_shadow=\u00bbnone\u00bb column_border_radius=\u00bbnone\u00bb column_link_target=\u00bb_self\u00bb column_position=\u00bbdefault\u00bb advanced_gradient_angle=\u00bb0&#8243; gradient_direction=\u00bbleft_to_right\u00bb overlay_strength=\u00bb0.3&#8243; width=\u00bb1\/2&#8243; tablet_width_inherit=\u00bbdefault\u00bb tablet_text_alignment=\u00bbdefault\u00bb phone_text_alignment=\u00bbdefault\u00bb animation_type=\u00bbdefault\u00bb bg_image_animation=\u00bbnone\u00bb border_type=\u00bbsimple\u00bb column_border_width=\u00bbnone\u00bb column_border_style=\u00bbsolid\u00bb gradient_type=\u00bbdefault\u00bb][vc_row_inner equal_height=\u00bbyes\u00bb content_placement=\u00bbmiddle\u00bb column_margin=\u00bbdefault\u00bb column_direction=\u00bbdefault\u00bb column_direction_tablet=\u00bbdefault\u00bb column_direction_phone=\u00bbdefault\u00bb text_align=\u00bbleft\u00bb row_position=\u00bbdefault\u00bb row_position_tablet=\u00bbinherit\u00bb row_position_phone=\u00bbinherit\u00bb overflow=\u00bbvisible\u00bb pointer_events=\u00bball\u00bb][vc_column_inner column_padding=\u00bbno-extra-padding\u00bb column_padding_tablet=\u00bbinherit\u00bb column_padding_phone=\u00bbinherit\u00bb column_padding_position=\u00bball\u00bb column_element_spacing=\u00bbdefault\u00bb background_color_opacity=\u00bb1&#8243; background_hover_color_opacity=\u00bb1&#8243; column_shadow=\u00bbnone\u00bb column_border_radius=\u00bbnone\u00bb column_link_target=\u00bb_self\u00bb gradient_direction=\u00bbleft_to_right\u00bb overlay_strength=\u00bb0.3&#8243; width=\u00bb1\/1&#8243; tablet_width_inherit=\u00bbdefault\u00bb animation_type=\u00bbdefault\u00bb enable_animation=\u00bbtrue\u00bb animation=\u00bbfade-in-from-bottom\u00bb bg_image_animation=\u00bbnone\u00bb border_type=\u00bbsimple\u00bb column_border_width=\u00bbnone\u00bb column_border_style=\u00bbsolid\u00bb][nectar_icon icon_family=\u00bbiconsmind\u00bb icon_style=\u00bbshadow-bg\u00bb icon_color_type=\u00bbcolor_scheme\u00bb icon_color=\u00bbAccent-Color\u00bb icon_padding=\u00bb10px\u00bb pointer_events=\u00bball\u00bb icon_iconsmind=\u00bbiconsmind-Billing\u00bb icon_size=\u00bb30&#8243;][\/vc_column_inner][\/vc_row_inner][vc_row_inner content_placement=\u00bbmiddle\u00bb column_margin=\u00bbdefault\u00bb column_direction=\u00bbdefault\u00bb column_direction_tablet=\u00bbdefault\u00bb column_direction_phone=\u00bbdefault\u00bb text_align=\u00bbleft\u00bb row_position=\u00bbdefault\u00bb row_position_tablet=\u00bbinherit\u00bb row_position_phone=\u00bbinherit\u00bb overflow=\u00bbvisible\u00bb pointer_events=\u00bball\u00bb][vc_column_inner column_padding=\u00bbno-extra-padding\u00bb column_padding_tablet=\u00bbinherit\u00bb column_padding_phone=\u00bbinherit\u00bb column_padding_position=\u00bball\u00bb column_element_spacing=\u00bbdefault\u00bb centered_text=\u00bbtrue\u00bb background_color_opacity=\u00bb1&#8243; background_hover_color_opacity=\u00bb1&#8243; column_shadow=\u00bbnone\u00bb column_border_radius=\u00bbnone\u00bb column_link_target=\u00bb_self\u00bb advanced_gradient_angle=\u00bb0&#8243; gradient_direction=\u00bbleft_to_right\u00bb overlay_strength=\u00bb0.3&#8243; width=\u00bb1\/1&#8243; tablet_width_inherit=\u00bbdefault\u00bb animation_type=\u00bbdefault\u00bb enable_animation=\u00bbtrue\u00bb animation=\u00bbfade-in-from-bottom\u00bb bg_image_animation=\u00bbnone\u00bb border_type=\u00bbsimple\u00bb column_border_width=\u00bbnone\u00bb column_border_style=\u00bbsolid\u00bb delay=\u00bb100&#8243; gradient_type=\u00bbdefault\u00bb][vc_column_text css_animation=\u00bbnone\u00bb css=\u00bb.vc_custom_1647902463472{margin-top: 15px !important;}\u00bb max_width=\u00bb550&#8243;]CraftGest Consulting ha creado un equipo de consultores experimentados y seniores, que est\u00e1n \u00e0 disposici\u00f3n para un servicio premium a las empresas extranjeras que quieran invertir en Portugal, apoyando a estas empresas en el acceso a los incentivos financieros y fiscales disponibles en los Programas de Incentivos de la Uni\u00f3n Europea e en los Programas de Incentivos Nacionales.[\/vc_column_text][nectar_cta btn_style=\u00bbarrow-animation\u00bb heading_tag=\u00bbh4&#8243; text_color=\u00bb#b09464&#8243; button_color=\u00bbdefault\u00bb button_border_thickness=\u00bb0px\u00bb link_type=\u00bbnew_tab\u00bb alignment=\u00bbcenter\u00bb alignment_tablet=\u00bbdefault\u00bb alignment_phone=\u00bbdefault\u00bb display=\u00bbblock\u00bb display_tablet=\u00bbinherit\u00bb display_phone=\u00bbinherit\u00bb link_text=\u00bbCont\u00e1ctenos por correo electr\u00f3nico\u00bb url=\u00bbmailto:info@craftgestconsulting.pt\u00bb margin_top=\u00bb10&#8243;][\/vc_column_inner][\/vc_row_inner][\/vc_column][vc_column column_padding=\u00bbpadding-5-percent\u00bb column_padding_tablet=\u00bbinherit\u00bb column_padding_phone=\u00bbinherit\u00bb column_padding_position=\u00bball\u00bb column_element_spacing=\u00bbdefault\u00bb background_color_opacity=\u00bb1&#8243; background_hover_color_opacity=\u00bb1&#8243; column_shadow=\u00bbnone\u00bb column_border_radius=\u00bbnone\u00bb column_link_target=\u00bb_self\u00bb column_position=\u00bbdefault\u00bb advanced_gradient_angle=\u00bb0&#8243; gradient_direction=\u00bbleft_to_right\u00bb overlay_strength=\u00bb0.3&#8243; width=\u00bb1\/2&#8243; tablet_width_inherit=\u00bbdefault\u00bb tablet_text_alignment=\u00bbdefault\u00bb phone_text_alignment=\u00bbdefault\u00bb animation_type=\u00bbdefault\u00bb bg_image_animation=\u00bbnone\u00bb border_type=\u00bbsimple\u00bb column_border_width=\u00bbnone\u00bb column_border_style=\u00bbsolid\u00bb offset=\u00bbvc_col-md-offset-0 vc_col-sm-offset-2 vc_col-xs-offset-2 vc_col-xs-8&#8243; gradient_type=\u00bbdefault\u00bb][nectar_cascading_images image_1_url=\u00bb829&#8243; image_1_offset_x_sign=\u00bb+\u00bb image_1_offset_x=\u00bb0%\u00bb image_1_offset_y_sign=\u00bb+\u00bb image_1_offset_y=\u00bb0%\u00bb image_1_rotate_sign=\u00bb+\u00bb image_1_rotate=\u00bbnone\u00bb image_1_scale=\u00bb1&#8243; image_1_padding=\u00bbauto\u00bb image_1_box_shadow=\u00bbnone\u00bb image_1_max_width_desktop=\u00bb100%\u00bb image_1_max_width_mobile=\u00bb100%\u00bb image_1_image_width_mobile=\u00bbdefault\u00bb image_2_url=\u00bb825&#8243; image_2_offset_x_sign=\u00bb-\u00bb image_2_offset_x=\u00bb20%\u00bb image_2_offset_y_sign=\u00bb+\u00bb image_2_offset_y=\u00bb20%\u00bb image_2_rotate_sign=\u00bb+\u00bb image_2_rotate=\u00bbnone\u00bb image_2_scale=\u00bb1&#8243; image_2_padding=\u00bbauto\u00bb image_2_box_shadow=\u00bbx_large_depth\u00bb image_2_max_width_desktop=\u00bb100%\u00bb image_2_max_width_mobile=\u00bb100%\u00bb image_2_image_width_mobile=\u00bbdefault\u00bb image_3_offset_x_sign=\u00bb-\u00bb image_3_offset_x=\u00bb0%\u00bb image_3_offset_y_sign=\u00bb-\u00bb image_3_offset_y=\u00bb0%\u00bb image_3_rotate_sign=\u00bb+\u00bb image_3_rotate=\u00bbnone\u00bb image_3_scale=\u00bb1&#8243; image_3_padding=\u00bbauto\u00bb image_3_box_shadow=\u00bbnone\u00bb image_3_max_width_desktop=\u00bb100%\u00bb image_3_max_width_mobile=\u00bb100%\u00bb image_3_image_width_mobile=\u00bbdefault\u00bb image_4_offset_x_sign=\u00bb+\u00bb image_4_offset_x=\u00bb0%\u00bb image_4_offset_y_sign=\u00bb+\u00bb image_4_offset_y=\u00bb0%\u00bb image_4_rotate_sign=\u00bb+\u00bb image_4_rotate=\u00bbnone\u00bb image_4_scale=\u00bb1&#8243; image_4_padding=\u00bbauto\u00bb image_4_box_shadow=\u00bbnone\u00bb image_4_max_width_desktop=\u00bb100%\u00bb image_4_max_width_mobile=\u00bb100%\u00bb image_4_image_width_mobile=\u00bbdefault\u00bb element_sizing=\u00bbdefault\u00bb image_loading=\u00bblazy-load\u00bb border_radius=\u00bb5px\u00bb parallax_scrolling=\u00bbyes\u00bb layer_1_parallax_scrolling=\u00bbno\u00bb parallax_scrolling_intensity=\u00bbsubtle\u00bb overflow=\u00bbvisible\u00bb][\/vc_column][\/vc_row]\n","protected":false},"excerpt":{"rendered":"<p>[vc_row type=\u00bbin_container\u00bb full_screen_row_position=\u00bbmiddle\u00bb column_margin=\u00bbdefault\u00bb equal_height=\u00bbyes\u00bb content_placement=\u00bbmiddle\u00bb column_direction=\u00bbdefault\u00bb column_direction_tablet=\u00bbdefault\u00bb column_direction_phone=\u00bbdefault\u00bb scene_position=\u00bbcenter\u00bb top_padding=\u00bb2%\u00bb bottom_padding=\u00bb4%\u00bb text_color=\u00bbdark\u00bb text_align=\u00bbleft\u00bb row_border_radius=\u00bbnone\u00bb row_border_radius_applies=\u00bbbg\u00bb overflow=\u00bbvisible\u00bb advanced_gradient_angle=\u00bb0&#8243; overlay_strength=\u00bb0.3&#8243; gradient_direction=\u00bbleft_to_right\u00bb shape_divider_position=\u00bbbottom\u00bb bg_image_animation=\u00bbnone\u00bb shape_type=\u00bb\u00bb gradient_type=\u00bbdefault\u00bb][vc_column column_padding=\u00bbpadding-2-percent\u00bb&#8230;<\/p>\n","protected":false},"author":1,"featured_media":0,"parent":0,"menu_order":0,"comment_status":"closed","ping_status":"closed","template":"","meta":{"inline_featured_image":false,"footnotes":""},"class_list":["post-840","page","type-page","status-publish"],"yoast_head":"<!-- This site is optimized with the Yoast SEO plugin v27.1.1 - https:\/\/yoast.com\/product\/yoast-seo-wordpress\/ -->\n<title>Incentivos Financieros y Fiscales - CraftGest<\/title>\n<meta name=\"robots\" content=\"index, follow, max-snippet:-1, max-image-preview:large, max-video-preview:-1\" \/>\n<link rel=\"canonical\" href=\"https:\/\/www.craftgestconsulting.pt\/es\/incentivos-financieros-y-fiscales\/\" \/>\n<meta property=\"og:locale\" content=\"es_ES\" \/>\n<meta property=\"og:type\" content=\"article\" \/>\n<meta property=\"og:title\" content=\"Incentivos Financieros y Fiscales - CraftGest\" \/>\n<meta property=\"og:description\" content=\"[vc_row type=\u00bbin_container\u00bb full_screen_row_position=\u00bbmiddle\u00bb column_margin=\u00bbdefault\u00bb equal_height=\u00bbyes\u00bb content_placement=\u00bbmiddle\u00bb column_direction=\u00bbdefault\u00bb column_direction_tablet=\u00bbdefault\u00bb column_direction_phone=\u00bbdefault\u00bb scene_position=\u00bbcenter\u00bb top_padding=\u00bb2%\u00bb bottom_padding=\u00bb4%\u00bb text_color=\u00bbdark\u00bb text_align=\u00bbleft\u00bb row_border_radius=\u00bbnone\u00bb row_border_radius_applies=\u00bbbg\u00bb overflow=\u00bbvisible\u00bb advanced_gradient_angle=\u00bb0&#8243; overlay_strength=\u00bb0.3&#8243; gradient_direction=\u00bbleft_to_right\u00bb shape_divider_position=\u00bbbottom\u00bb bg_image_animation=\u00bbnone\u00bb shape_type=\u00bb\u00bb gradient_type=\u00bbdefault\u00bb][vc_column column_padding=\u00bbpadding-2-percent\u00bb...\" \/>\n<meta property=\"og:url\" content=\"https:\/\/www.craftgestconsulting.pt\/es\/incentivos-financieros-y-fiscales\/\" \/>\n<meta property=\"og:site_name\" content=\"CraftGest\" \/>\n<meta property=\"article:publisher\" content=\"https:\/\/www.facebook.com\/craftgestconsulting\" \/>\n<meta name=\"twitter:card\" content=\"summary_large_image\" \/>\n<meta name=\"twitter:site\" content=\"@CraftGestC\" \/>\n<meta name=\"twitter:label1\" content=\"Tiempo de lectura\" \/>\n\t<meta name=\"twitter:data1\" content=\"4 minutos\" \/>\n<script type=\"application\/ld+json\" class=\"yoast-schema-graph\">{\"@context\":\"https:\/\/schema.org\",\"@graph\":[{\"@type\":\"WebPage\",\"@id\":\"https:\/\/www.craftgestconsulting.pt\/es\/incentivos-financieros-y-fiscales\/\",\"url\":\"https:\/\/www.craftgestconsulting.pt\/es\/incentivos-financieros-y-fiscales\/\",\"name\":\"Incentivos Financieros y Fiscales - CraftGest\",\"isPartOf\":{\"@id\":\"https:\/\/www.craftgestconsulting.pt\/es\/#website\"},\"datePublished\":\"2022-03-21T23:49:32+00:00\",\"breadcrumb\":{\"@id\":\"https:\/\/www.craftgestconsulting.pt\/es\/incentivos-financieros-y-fiscales\/#breadcrumb\"},\"inLanguage\":\"es\",\"potentialAction\":[{\"@type\":\"ReadAction\",\"target\":[\"https:\/\/www.craftgestconsulting.pt\/es\/incentivos-financieros-y-fiscales\/\"]}]},{\"@type\":\"BreadcrumbList\",\"@id\":\"https:\/\/www.craftgestconsulting.pt\/es\/incentivos-financieros-y-fiscales\/#breadcrumb\",\"itemListElement\":[{\"@type\":\"ListItem\",\"position\":1,\"name\":\"In\u00edcio\",\"item\":\"https:\/\/www.craftgestconsulting.pt\/es\/\"},{\"@type\":\"ListItem\",\"position\":2,\"name\":\"Incentivos Financieros y Fiscales\"}]},{\"@type\":\"WebSite\",\"@id\":\"https:\/\/www.craftgestconsulting.pt\/es\/#website\",\"url\":\"https:\/\/www.craftgestconsulting.pt\/es\/\",\"name\":\"CraftGest Consulting\",\"description\":\"Consulting\",\"publisher\":{\"@id\":\"https:\/\/www.craftgestconsulting.pt\/es\/#organization\"},\"alternateName\":\"Craftgest\",\"potentialAction\":[{\"@type\":\"SearchAction\",\"target\":{\"@type\":\"EntryPoint\",\"urlTemplate\":\"https:\/\/www.craftgestconsulting.pt\/es\/?s={search_term_string}\"},\"query-input\":{\"@type\":\"PropertyValueSpecification\",\"valueRequired\":true,\"valueName\":\"search_term_string\"}}],\"inLanguage\":\"es\"},{\"@type\":\"Organization\",\"@id\":\"https:\/\/www.craftgestconsulting.pt\/es\/#organization\",\"name\":\"CraftGest Consulting\",\"alternateName\":\"CraftGest Consulting Lda\",\"url\":\"https:\/\/www.craftgestconsulting.pt\/es\/\",\"logo\":{\"@type\":\"ImageObject\",\"inLanguage\":\"es\",\"@id\":\"https:\/\/www.craftgestconsulting.pt\/es\/#\/schema\/logo\/image\/\",\"url\":\"https:\/\/www.craftgestconsulting.pt\/wp-content\/uploads\/2021\/12\/CraftGest-FullColor.svg\",\"contentUrl\":\"https:\/\/www.craftgestconsulting.pt\/wp-content\/uploads\/2021\/12\/CraftGest-FullColor.svg\",\"width\":\"1024\",\"height\":\"1024\",\"caption\":\"CraftGest Consulting\"},\"image\":{\"@id\":\"https:\/\/www.craftgestconsulting.pt\/es\/#\/schema\/logo\/image\/\"},\"sameAs\":[\"https:\/\/www.facebook.com\/craftgestconsulting\",\"https:\/\/x.com\/CraftGestC\",\"https:\/\/www.instagram.com\/craftgestconsulting\/\"]}]}<\/script>\n<!-- \/ Yoast SEO plugin. -->","yoast_head_json":{"title":"Incentivos Financieros y Fiscales - CraftGest","robots":{"index":"index","follow":"follow","max-snippet":"max-snippet:-1","max-image-preview":"max-image-preview:large","max-video-preview":"max-video-preview:-1"},"canonical":"https:\/\/www.craftgestconsulting.pt\/es\/incentivos-financieros-y-fiscales\/","og_locale":"es_ES","og_type":"article","og_title":"Incentivos Financieros y Fiscales - CraftGest","og_description":"[vc_row type=\u00bbin_container\u00bb full_screen_row_position=\u00bbmiddle\u00bb column_margin=\u00bbdefault\u00bb equal_height=\u00bbyes\u00bb content_placement=\u00bbmiddle\u00bb column_direction=\u00bbdefault\u00bb column_direction_tablet=\u00bbdefault\u00bb column_direction_phone=\u00bbdefault\u00bb scene_position=\u00bbcenter\u00bb top_padding=\u00bb2%\u00bb bottom_padding=\u00bb4%\u00bb text_color=\u00bbdark\u00bb text_align=\u00bbleft\u00bb row_border_radius=\u00bbnone\u00bb row_border_radius_applies=\u00bbbg\u00bb overflow=\u00bbvisible\u00bb advanced_gradient_angle=\u00bb0&#8243; overlay_strength=\u00bb0.3&#8243; gradient_direction=\u00bbleft_to_right\u00bb shape_divider_position=\u00bbbottom\u00bb bg_image_animation=\u00bbnone\u00bb shape_type=\u00bb\u00bb gradient_type=\u00bbdefault\u00bb][vc_column column_padding=\u00bbpadding-2-percent\u00bb...","og_url":"https:\/\/www.craftgestconsulting.pt\/es\/incentivos-financieros-y-fiscales\/","og_site_name":"CraftGest","article_publisher":"https:\/\/www.facebook.com\/craftgestconsulting","twitter_card":"summary_large_image","twitter_site":"@CraftGestC","twitter_misc":{"Tiempo de lectura":"4 minutos"},"schema":{"@context":"https:\/\/schema.org","@graph":[{"@type":"WebPage","@id":"https:\/\/www.craftgestconsulting.pt\/es\/incentivos-financieros-y-fiscales\/","url":"https:\/\/www.craftgestconsulting.pt\/es\/incentivos-financieros-y-fiscales\/","name":"Incentivos Financieros y Fiscales - CraftGest","isPartOf":{"@id":"https:\/\/www.craftgestconsulting.pt\/es\/#website"},"datePublished":"2022-03-21T23:49:32+00:00","breadcrumb":{"@id":"https:\/\/www.craftgestconsulting.pt\/es\/incentivos-financieros-y-fiscales\/#breadcrumb"},"inLanguage":"es","potentialAction":[{"@type":"ReadAction","target":["https:\/\/www.craftgestconsulting.pt\/es\/incentivos-financieros-y-fiscales\/"]}]},{"@type":"BreadcrumbList","@id":"https:\/\/www.craftgestconsulting.pt\/es\/incentivos-financieros-y-fiscales\/#breadcrumb","itemListElement":[{"@type":"ListItem","position":1,"name":"In\u00edcio","item":"https:\/\/www.craftgestconsulting.pt\/es\/"},{"@type":"ListItem","position":2,"name":"Incentivos Financieros y Fiscales"}]},{"@type":"WebSite","@id":"https:\/\/www.craftgestconsulting.pt\/es\/#website","url":"https:\/\/www.craftgestconsulting.pt\/es\/","name":"CraftGest Consulting","description":"Consulting","publisher":{"@id":"https:\/\/www.craftgestconsulting.pt\/es\/#organization"},"alternateName":"Craftgest","potentialAction":[{"@type":"SearchAction","target":{"@type":"EntryPoint","urlTemplate":"https:\/\/www.craftgestconsulting.pt\/es\/?s={search_term_string}"},"query-input":{"@type":"PropertyValueSpecification","valueRequired":true,"valueName":"search_term_string"}}],"inLanguage":"es"},{"@type":"Organization","@id":"https:\/\/www.craftgestconsulting.pt\/es\/#organization","name":"CraftGest Consulting","alternateName":"CraftGest Consulting Lda","url":"https:\/\/www.craftgestconsulting.pt\/es\/","logo":{"@type":"ImageObject","inLanguage":"es","@id":"https:\/\/www.craftgestconsulting.pt\/es\/#\/schema\/logo\/image\/","url":"https:\/\/www.craftgestconsulting.pt\/wp-content\/uploads\/2021\/12\/CraftGest-FullColor.svg","contentUrl":"https:\/\/www.craftgestconsulting.pt\/wp-content\/uploads\/2021\/12\/CraftGest-FullColor.svg","width":"1024","height":"1024","caption":"CraftGest Consulting"},"image":{"@id":"https:\/\/www.craftgestconsulting.pt\/es\/#\/schema\/logo\/image\/"},"sameAs":["https:\/\/www.facebook.com\/craftgestconsulting","https:\/\/x.com\/CraftGestC","https:\/\/www.instagram.com\/craftgestconsulting\/"]}]}},"_links":{"self":[{"href":"https:\/\/www.craftgestconsulting.pt\/es\/wp-json\/wp\/v2\/pages\/840","targetHints":{"allow":["GET"]}}],"collection":[{"href":"https:\/\/www.craftgestconsulting.pt\/es\/wp-json\/wp\/v2\/pages"}],"about":[{"href":"https:\/\/www.craftgestconsulting.pt\/es\/wp-json\/wp\/v2\/types\/page"}],"author":[{"embeddable":true,"href":"https:\/\/www.craftgestconsulting.pt\/es\/wp-json\/wp\/v2\/users\/1"}],"replies":[{"embeddable":true,"href":"https:\/\/www.craftgestconsulting.pt\/es\/wp-json\/wp\/v2\/comments?post=840"}],"version-history":[{"count":2,"href":"https:\/\/www.craftgestconsulting.pt\/es\/wp-json\/wp\/v2\/pages\/840\/revisions"}],"predecessor-version":[{"id":842,"href":"https:\/\/www.craftgestconsulting.pt\/es\/wp-json\/wp\/v2\/pages\/840\/revisions\/842"}],"wp:attachment":[{"href":"https:\/\/www.craftgestconsulting.pt\/es\/wp-json\/wp\/v2\/media?parent=840"}],"curies":[{"name":"wp","href":"https:\/\/api.w.org\/{rel}","templated":true}]}}